{"id":3172,"date":"2024-03-10T07:00:07","date_gmt":"2024-03-10T06:00:07","guid":{"rendered":"https:\/\/www.wzxf1084.odns.fr\/desaubus\/?page_id=3172"},"modified":"2024-03-10T07:07:51","modified_gmt":"2024-03-10T06:07:51","slug":"mentions-legales","status":"publish","type":"page","link":"https:\/\/www.wzxf1084.odns.fr\/desaubus\/mentions-legales\/","title":{"rendered":"Mentions l\u00e9gales"},"content":{"rendered":"<p>[et_pb_section fb_built=\u00a0\u00bb1&Prime; _builder_version=\u00a0\u00bb4.21.0&Prime; _module_preset=\u00a0\u00bbdefault\u00a0\u00bb background_enable_mask_style=\u00a0\u00bbon\u00a0\u00bb background_mask_style=\u00a0\u00bbsquare-stripes\u00a0\u00bb background_mask_color=\u00a0\u00bbrgba(247,239,223,0.25)\u00a0\u00bb background_mask_transform=\u00a0\u00bbinvert\u00a0\u00bb background_mask_size=\u00a0\u00bbcontain\u00a0\u00bb background_mask_position=\u00a0\u00bbtop_right\u00a0\u00bb global_colors_info=\u00a0\u00bb{}\u00a0\u00bb][et_pb_row _builder_version=\u00a0\u00bb4.21.0&Prime; _module_preset=\u00a0\u00bbdefault\u00a0\u00bb width=\u00a0\u00bb50%\u00a0\u00bb global_colors_info=\u00a0\u00bb{}\u00a0\u00bb][et_pb_column type=\u00a0\u00bb4_4&Prime; _builder_version=\u00a0\u00bb4.21.0&Prime; _module_preset=\u00a0\u00bbdefault\u00a0\u00bb global_colors_info=\u00a0\u00bb{}\u00a0\u00bb][et_pb_text _builder_version=\u00a0\u00bb4.21.0&Prime; _module_preset=\u00a0\u00bbdefault\u00a0\u00bb custom_padding=\u00a0\u00bb||40px|||\u00a0\u00bb global_colors_info=\u00a0\u00bb{}\u00a0\u00bb]<\/p>\n<h1>Mentions l\u00e9gales<\/h1>\n<p>[\/et_pb_text][et_pb_text _builder_version=\u00a0\u00bb4.21.0&Prime; _module_preset=\u00a0\u00bbdefault\u00a0\u00bb link_text_color=\u00a0\u00bb#B68D40&Prime; hover_enabled=\u00a0\u00bb0&Prime; global_colors_info=\u00a0\u00bb{}\u00a0\u00bb link_text_color__hover_enabled=\u00a0\u00bbon|desktop\u00a0\u00bb link_text_color__hover=\u00a0\u00bb#F4EBD0&Prime; sticky_enabled=\u00a0\u00bb0&Prime; custom_margin=\u00a0\u00bb||3rem||false|false\u00a0\u00bb]<\/p>\n<h2>Propri\u00e9t\u00e9<\/h2>\n<p>Ce site est la propri\u00e9t\u00e9 de Mme Katell LUCAS ROPARTZ &#8211; Entrepreneur individuel &#8211; Le Haras de la Chataigni\u00e8re.<\/p>\n<p>Num\u00e9ro SIRET : 40778257200041<\/p>\n<p>Si\u00e8ge social : <span>1 promenade de la foret, 23 800 Dun le palestel (France)<\/span><\/p>\n<p>Contacts :<br \/>\n<a style=\"color: #f7efdf;\" href=\"mailto:&#104;ar&#097;&#115;&#100;&#101;&#108;&#097;cha&#116;&#097;ign&#105;ere&#064;&#103;&#109;&#097;&#105;&#108;&#046;c&#111;m\">&#104;a&#114;a&#115;dela&#099;&#104;atai&#103;&#110;&#105;ere&#064;gm&#097;i&#108;&#046;&#099;om<\/a><br \/>\n<a href=\"tel:+33608637263\"><span>06 08 63 72 63<\/span><\/a>[\/et_pb_text][et_pb_text _builder_version=\u00a0\u00bb4.21.0&Prime; _module_preset=\u00a0\u00bbdefault\u00a0\u00bb hover_enabled=\u00a0\u00bb0&Prime; global_colors_info=\u00a0\u00bb{}\u00a0\u00bb custom_margin=\u00a0\u00bb||3rem||false|false\u00a0\u00bb sticky_enabled=\u00a0\u00bb0&Prime;]<\/p>\n<h2>Directrice de la publication<\/h2>\n<p>Mme Katelle LUCAS ROPARTZ agit en qualit\u00e9 de directrice de la publication.<\/p>\n<p>[\/et_pb_text][et_pb_text _builder_version=\u00a0\u00bb4.21.0&Prime; _module_preset=\u00a0\u00bbdefault\u00a0\u00bb hover_enabled=\u00a0\u00bb0&Prime; sticky_enabled=\u00a0\u00bb0&Prime; custom_margin=\u00a0\u00bb||3rem||false|false\u00a0\u00bb]<\/p>\n<h2>H\u00e9bergement du site<\/h2>\n<p>Le site est h\u00e9berg\u00e9 par :<\/p>\n<p><strong>O2switch<\/strong><br \/>222-224 Boulevard Gustave Flaubert<br \/>63000 Clermont-Ferrand<br \/>Siret 510 909 80700024<br \/>Tel\u00a0: 04 44 44 60 40<\/p>\n<p>[\/et_pb_text][et_pb_text _builder_version=\u00a0\u00bb4.21.0&Prime; _module_preset=\u00a0\u00bbdefault\u00a0\u00bb hover_enabled=\u00a0\u00bb0&Prime; sticky_enabled=\u00a0\u00bb0&Prime;]<\/p>\n<h2>Photographies et visuels<\/h2>\n<p>Toutes les photographies et autres visuels sont prot\u00e9g\u00e9s par le droit d\u2019auteur.<\/p>\n<h3>Cr\u00e9dits<\/h3>\n<p>Voir, le cas \u00e9ch\u00e9ant, les mentions port\u00e9es sur les photos.<\/p>\n<p>[\/et_pb_text][\/et_pb_column][\/et_pb_row][\/et_pb_section]<\/p>\n","protected":false},"excerpt":{"rendered":"<p>Mentions l\u00e9galesPropri\u00e9t\u00e9 Ce site est la propri\u00e9t\u00e9 de Mme Katell LUCAS ROPARTZ &#8211; Entrepreneur individuel &#8211; Le Haras de la Chataigni\u00e8re. Num\u00e9ro SIRET : 40778257200041 Si\u00e8ge social : 1 promenade de la foret, 23 800 Dun le palestel (France) Contacts : <a style=\"color: #f7efdf;\" href=\"mailto:ha&#114;&#097;sd&#101;lac&#104;at&#097;i&#103;n&#105;&#101;re&#064;g&#109;&#097;&#105;l&#046;co&#109;\">&#104;&#097;&#114;&#097;&#115;&#100;e&#108;&#097;c&#104;&#097;&#116;a&#105;gnier&#101;&#064;g&#109;ai&#108;.&#099;om<\/a> 06 08 63 72 63Directrice de la publication Mme Katelle LUCAS ROPARTZ agit [&hellip;]<\/p>\n","protected":false},"author":1,"featured_media":0,"parent":0,"menu_order":0,"comment_status":"closed","ping_status":"closed","template":"","meta":{"_acf_changed":false,"_et_pb_use_builder":"on","_et_pb_old_content":"","_et_gb_content_width":"","footnotes":""},"class_list":["post-3172","page","type-page","status-publish","hentry"],"acf":[],"_links":{"self":[{"href":"https:\/\/www.wzxf1084.odns.fr\/desaubus\/wp-json\/wp\/v2\/pages\/3172","targetHints":{"allow":["GET"]}}],"collection":[{"href":"https:\/\/www.wzxf1084.odns.fr\/desaubus\/wp-json\/wp\/v2\/pages"}],"about":[{"href":"https:\/\/www.wzxf1084.odns.fr\/desaubus\/wp-json\/wp\/v2\/types\/page"}],"author":[{"embeddable":true,"href":"https:\/\/www.wzxf1084.odns.fr\/desaubus\/wp-json\/wp\/v2\/users\/1"}],"replies":[{"embeddable":true,"href":"https:\/\/www.wzxf1084.odns.fr\/desaubus\/wp-json\/wp\/v2\/comments?post=3172"}],"version-history":[{"count":3,"href":"https:\/\/www.wzxf1084.odns.fr\/desaubus\/wp-json\/wp\/v2\/pages\/3172\/revisions"}],"predecessor-version":[{"id":3177,"href":"https:\/\/www.wzxf1084.odns.fr\/desaubus\/wp-json\/wp\/v2\/pages\/3172\/revisions\/3177"}],"wp:attachment":[{"href":"https:\/\/www.wzxf1084.odns.fr\/desaubus\/wp-json\/wp\/v2\/media?parent=3172"}],"curies":[{"name":"wp","href":"https:\/\/api.w.org\/{rel}","templated":true}]}}